{"id":50,"date":"2019-04-02T10:17:31","date_gmt":"2019-04-02T08:17:31","guid":{"rendered":"http:\/\/bridgeofwords.net\/?page_id=50"},"modified":"2025-02-02T15:53:14","modified_gmt":"2025-02-02T14:53:14","slug":"contact","status":"publish","type":"page","link":"https:\/\/bridgeofwords.net\/?page_id=50","title":{"rendered":"Formulaire de contact"},"content":{"rendered":"\n<div style=\"height:200px\" aria-hidden=\"true\" class=\"wp-block-spacer\"><\/div>\n\n\n\n<div class=\"wp-block-uagb-advanced-heading uagb-block-56e4e47d\"><h2 class=\"uagb-heading-text\">CONTACTEZ NOUS<\/h2><\/div>\n\n\n\n<div style=\"height:200px\" aria-hidden=\"true\" class=\"wp-block-spacer\"><\/div>\n\n\n\n<div class=\"wp-block-uagb-buttons uagb-buttons__outer-wrap uagb-btn__default-btn uagb-btn-tablet__default-btn uagb-btn-mobile__default-btn uagb-block-d2a2cff9\"><div class=\"uagb-buttons__wrap uagb-buttons-layout-wrap \">\n<div class=\"wp-block-uagb-buttons-child uagb-buttons__outer-wrap uagb-block-4738199a wp-block-button\"><div class=\"uagb-button__wrapper\"><a class=\"uagb-buttons-repeater wp-block-button__link\" aria-label=\"Click Here\" href=\"#contact\" rel=\"follow noopener\" target=\"_self\" role=\"button\"><span class=\"uagb-button__icon uagb-button__icon-position-after\"><svg xmlns=\"https:\/\/www.w3.org\/2000\/svg\" viewBox=\"0 0 384 512\" aria-hidden=\"true\" focussable=\"false\"><path d=\"M169.4 278.6C175.6 284.9 183.8 288 192 288s16.38-3.125 22.62-9.375l160-160c12.5-12.5 12.5-32.75 0-45.25s-32.75-12.5-45.25 0L192 210.8L54.63 73.38c-12.5-12.5-32.75-12.5-45.25 0s-12.5 32.75 0 45.25L169.4 278.6zM329.4 265.4L192 402.8L54.63 265.4c-12.5-12.5-32.75-12.5-45.25 0s-12.5 32.75 0 45.25l160 160C175.6 476.9 183.8 480 192 480s16.38-3.125 22.62-9.375l160-160c12.5-12.5 12.5-32.75 0-45.25S341.9 252.9 329.4 265.4z\"><\/path><\/svg><\/span><\/a><\/div><\/div>\n<\/div><\/div>\n\n\n\n<div style=\"height:200px\" aria-hidden=\"true\" class=\"wp-block-spacer\"><\/div>\n\n\n\n<p class=\"has-text-align-center has-medium-font-size\" id=\"contact\"><strong>Nous sommes \u00e0 votre \u00e9coute !<\/strong><br>Si vous avez des questions ou souhaitez en savoir plus sur nos services, n&#8217;h\u00e9sitez pas \u00e0 nous contacter. Nous r\u00e9pondrons \u00e0 votre demande dans les plus brefs d\u00e9lais.<\/p>\n\n\n\n<div class=\"wp-block-uagb-forms uagb-forms__outer-wrap uagb-block-dfff7021 uagb-forms__medium-btn\"><form class=\"uagb-forms-main-form\" method=\"post\" autocomplete=\"on\" name=\"uagb-form-dfff7021\">\n<div class=\"wp-block-uagb-forms-name uagb-forms-name-wrap uagb-forms-field-set uagb-block-444ef8a2\"><div class=\"uagb-forms-name-label required uagb-forms-input-label\" id=\"444ef8a2\">Pr\u00e9nom<\/div><input type=\"text\" placeholder=\"\" required class=\"uagb-forms-name-input uagb-forms-input\" name=\"444ef8a2\" autocomplete=\"given-name\"\/><\/div>\n\n\n\n<div class=\"wp-block-uagb-forms-name uagb-forms-name-wrap uagb-forms-field-set uagb-block-5b88d4e3\"><div class=\"uagb-forms-name-label required uagb-forms-input-label\" id=\"5b88d4e3\">Nom<\/div><input type=\"text\" placeholder=\"\" required class=\"uagb-forms-name-input uagb-forms-input\" name=\"5b88d4e3\" autocomplete=\"family-name\"\/><\/div>\n\n\n\n<div class=\"wp-block-uagb-forms-email uagb-forms-email-wrap uagb-forms-field-set uagb-block-252a2292\"><div class=\"uagb-forms-email-label required uagb-forms-input-label\" id=\"252a2292\">Email<\/div><input type=\"email\" class=\"uagb-forms-email-input uagb-forms-input\" placeholder=\"\" required name=\"252a2292\" autocomplete=\"email\"\/><\/div>\n\n\n\n<div class=\"wp-block-uagb-forms-email uagb-forms-email-wrap uagb-forms-field-set uagb-block-884d10d4\"><div class=\"uagb-forms-email-label  uagb-forms-input-label\" id=\"884d10d4\">T\u00e9l\u00e9phone<\/div><input type=\"email\" class=\"uagb-forms-email-input uagb-forms-input\" placeholder=\"\" name=\"884d10d4\" autocomplete=\"email\"\/><\/div>\n\n\n\n<div class=\"wp-block-uagb-forms-textarea uagb-forms-textarea-wrap uagb-forms-field-set uagb-block-f7386156\"><div class=\"uagb-forms-textarea-label required uagb-forms-input-label\" id=\"f7386156\">Message<\/div><textarea required class=\"uagb-forms-textarea-input uagb-forms-input\" rows=\"4\" placeholder=\"\" name=\"f7386156\" autocomplete=\"off\"><\/textarea><\/div>\n<div class=\"uagb-forms-form-hidden-data\"><input type=\"hidden\" class=\"uagb_forms_form_label\" value=\"Spectra Form\"\/><input type=\"hidden\" class=\"uagb_forms_form_id\" value=\"uagb-form-dfff7021\"\/><\/div><div class=\"uagb-form-reacaptcha-error-dfff7021\"><\/div><div class=\"uagb-forms-main-submit-button-wrap wp-block-button\"><button class=\"uagb-forms-main-submit-button wp-block-button__link\"><div class=\"uagb-forms-main-submit-button-text\">Soumettre<\/div><\/button><\/div><\/form><div class=\"uagb-forms-success-message-dfff7021 uagb-forms-submit-message-hide\"><span>Le formulaire a bien \u00e9t\u00e9 transmis.<\/span><\/div><div class=\"uagb-forms-failed-message-dfff7021 uagb-forms-submit-message-hide\"><span>Il y&#8217;a une erreur dans la saisie, veuillez r\u00e9essayer.<\/span><\/div><\/div>\n\n\n\n<div class=\"wp-block-buttons is-layout-flex wp-block-buttons-is-layout-flex\"><\/div>\n","protected":false},"excerpt":{"rendered":"<p>CONTACTEZ NOUS Nous sommes \u00e0 votre \u00e9coute !Si vous avez des questions ou souhaitez en savoir plus sur nos services, [&hellip;]<\/p>\n","protected":false},"author":1,"featured_media":0,"parent":0,"menu_order":0,"comment_status":"closed","ping_status":"closed","template":"","meta":{"_uag_custom_page_level_css":"","site-sidebar-layout":"default","site-content-layout":"","ast-site-content-layout":"","site-content-style":"default","site-sidebar-style":"default","ast-global-header-display":"","ast-banner-title-visibility":"","ast-main-header-display":"","ast-hfb-above-header-display":"","ast-hfb-below-header-display":"","ast-hfb-mobile-header-display":"","site-post-title":"disabled","ast-breadcrumbs-content":"","ast-featured-img":"","footer-sml-layout":"","theme-transparent-header-meta":"","adv-header-id-meta":"","stick-header-meta":"","header-above-stick-meta":"","header-main-stick-meta":"","header-below-stick-meta":"","astra-migrate-meta-layouts":"default","ast-page-background-enabled":"default","ast-page-background-meta":{"desktop":{"background-color":"var(--ast-global-color-4)","background-image":"","background-repeat":"repeat","background-position":"center center","background-size":"auto","background-attachment":"scroll","background-type":"","background-media":"","overlay-type":"","overlay-color":"","overlay-opacity":"","overlay-gradient":""},"tablet":{"background-color":"","background-image":"","background-repeat":"repeat","background-position":"center center","background-size":"auto","background-attachment":"scroll","background-type":"","background-media":"","overlay-type":"","overlay-color":"","overlay-opacity":"","overlay-gradient":""},"mobile":{"background-color":"","background-image":"","background-repeat":"repeat","background-position":"center center","background-size":"auto","background-attachment":"scroll","background-type":"","background-media":"","overlay-type":"","overlay-color":"","overlay-opacity":"","overlay-gradient":""}},"ast-content-background-meta":{"desktop":{"background-color":"var(--ast-global-color-5)","background-image":"","background-repeat":"repeat","background-position":"center center","background-size":"auto","background-attachment":"scroll","background-type":"","background-media":"","overlay-type":"","overlay-color":"","overlay-opacity":"","overlay-gradient":""},"tablet":{"background-color":"var(--ast-global-color-5)","background-image":"","background-repeat":"repeat","background-position":"center center","background-size":"auto","background-attachment":"scroll","background-type":"","background-media":"","overlay-type":"","overlay-color":"","overlay-opacity":"","overlay-gradient":""},"mobile":{"background-color":"var(--ast-global-color-5)","background-image":"","background-repeat":"repeat","background-position":"center center","background-size":"auto","background-attachment":"scroll","background-type":"","background-media":"","overlay-type":"","overlay-color":"","overlay-opacity":"","overlay-gradient":""}},"footnotes":""},"class_list":["post-50","page","type-page","status-publish","hentry"],"yoast_head":"<!-- This site is optimized with the Yoast SEO plugin v24.3 - https:\/\/yoast.com\/wordpress\/plugins\/seo\/ -->\n<title>Formulaire de contact - BridgeOfWords<\/title>\n<meta name=\"robots\" content=\"index, follow, max-snippet:-1, max-image-preview:large, max-video-preview:-1\" \/>\n<link rel=\"canonical\" href=\"https:\/\/bridgeofwords.net\/?page_id=50\" \/>\n<meta property=\"og:locale\" content=\"en_US\" \/>\n<meta property=\"og:type\" content=\"article\" \/>\n<meta property=\"og:title\" content=\"Formulaire de contact - BridgeOfWords\" \/>\n<meta property=\"og:description\" content=\"CONTACTEZ NOUS Nous sommes \u00e0 votre \u00e9coute !Si vous avez des questions ou souhaitez en savoir plus sur nos services, [&hellip;]\" \/>\n<meta property=\"og:url\" content=\"https:\/\/bridgeofwords.net\/?page_id=50\" \/>\n<meta property=\"og:site_name\" content=\"BridgeOfWords\" \/>\n<meta property=\"article:modified_time\" content=\"2025-02-02T14:53:14+00:00\" \/>\n<meta name=\"twitter:card\" content=\"summary_large_image\" \/>\n<meta name=\"twitter:label1\" content=\"Est. reading time\" \/>\n\t<meta name=\"twitter:data1\" content=\"1 minute\" \/>\n<script type=\"application\/ld+json\" class=\"yoast-schema-graph\">{\"@context\":\"https:\/\/schema.org\",\"@graph\":[{\"@type\":\"WebPage\",\"@id\":\"https:\/\/bridgeofwords.net\/?page_id=50\",\"url\":\"https:\/\/bridgeofwords.net\/?page_id=50\",\"name\":\"Formulaire de contact - BridgeOfWords\",\"isPartOf\":{\"@id\":\"https:\/\/bridgeofwords.net\/#website\"},\"datePublished\":\"2019-04-02T08:17:31+00:00\",\"dateModified\":\"2025-02-02T14:53:14+00:00\",\"breadcrumb\":{\"@id\":\"https:\/\/bridgeofwords.net\/?page_id=50#breadcrumb\"},\"inLanguage\":\"en-US\",\"potentialAction\":[{\"@type\":\"ReadAction\",\"target\":[\"https:\/\/bridgeofwords.net\/?page_id=50\"]}]},{\"@type\":\"BreadcrumbList\",\"@id\":\"https:\/\/bridgeofwords.net\/?page_id=50#breadcrumb\",\"itemListElement\":[{\"@type\":\"ListItem\",\"position\":1,\"name\":\"Home\",\"item\":\"https:\/\/bridgeofwords.net\/\"},{\"@type\":\"ListItem\",\"position\":2,\"name\":\"Formulaire de contact\"}]},{\"@type\":\"WebSite\",\"@id\":\"https:\/\/bridgeofwords.net\/#website\",\"url\":\"https:\/\/bridgeofwords.net\/\",\"name\":\"BridgeOfWords\",\"description\":\"\",\"publisher\":{\"@id\":\"https:\/\/bridgeofwords.net\/#organization\"},\"potentialAction\":[{\"@type\":\"SearchAction\",\"target\":{\"@type\":\"EntryPoint\",\"urlTemplate\":\"https:\/\/bridgeofwords.net\/?s={search_term_string}\"},\"query-input\":{\"@type\":\"PropertyValueSpecification\",\"valueRequired\":true,\"valueName\":\"search_term_string\"}}],\"inLanguage\":\"en-US\"},{\"@type\":\"Organization\",\"@id\":\"https:\/\/bridgeofwords.net\/#organization\",\"name\":\"BridgeOfWords\",\"url\":\"https:\/\/bridgeofwords.net\/\",\"logo\":{\"@type\":\"ImageObject\",\"inLanguage\":\"en-US\",\"@id\":\"https:\/\/bridgeofwords.net\/#\/schema\/logo\/image\/\",\"url\":\"https:\/\/bridgeofwords.net\/wp-content\/uploads\/2024\/12\/Logo.jpg\",\"contentUrl\":\"https:\/\/bridgeofwords.net\/wp-content\/uploads\/2024\/12\/Logo.jpg\",\"width\":200,\"height\":200,\"caption\":\"BridgeOfWords\"},\"image\":{\"@id\":\"https:\/\/bridgeofwords.net\/#\/schema\/logo\/image\/\"},\"sameAs\":[\"https:\/\/fr.linkedin.com\/in\/hassane-el-yamani-70644032\"]}]}<\/script>\n<!-- \/ Yoast SEO plugin. -->","yoast_head_json":{"title":"Formulaire de contact - BridgeOfWords","robots":{"index":"index","follow":"follow","max-snippet":"max-snippet:-1","max-image-preview":"max-image-preview:large","max-video-preview":"max-video-preview:-1"},"canonical":"https:\/\/bridgeofwords.net\/?page_id=50","og_locale":"en_US","og_type":"article","og_title":"Formulaire de contact - BridgeOfWords","og_description":"CONTACTEZ NOUS Nous sommes \u00e0 votre \u00e9coute !Si vous avez des questions ou souhaitez en savoir plus sur nos services, [&hellip;]","og_url":"https:\/\/bridgeofwords.net\/?page_id=50","og_site_name":"BridgeOfWords","article_modified_time":"2025-02-02T14:53:14+00:00","twitter_card":"summary_large_image","twitter_misc":{"Est. reading time":"1 minute"},"schema":{"@context":"https:\/\/schema.org","@graph":[{"@type":"WebPage","@id":"https:\/\/bridgeofwords.net\/?page_id=50","url":"https:\/\/bridgeofwords.net\/?page_id=50","name":"Formulaire de contact - BridgeOfWords","isPartOf":{"@id":"https:\/\/bridgeofwords.net\/#website"},"datePublished":"2019-04-02T08:17:31+00:00","dateModified":"2025-02-02T14:53:14+00:00","breadcrumb":{"@id":"https:\/\/bridgeofwords.net\/?page_id=50#breadcrumb"},"inLanguage":"en-US","potentialAction":[{"@type":"ReadAction","target":["https:\/\/bridgeofwords.net\/?page_id=50"]}]},{"@type":"BreadcrumbList","@id":"https:\/\/bridgeofwords.net\/?page_id=50#breadcrumb","itemListElement":[{"@type":"ListItem","position":1,"name":"Home","item":"https:\/\/bridgeofwords.net\/"},{"@type":"ListItem","position":2,"name":"Formulaire de contact"}]},{"@type":"WebSite","@id":"https:\/\/bridgeofwords.net\/#website","url":"https:\/\/bridgeofwords.net\/","name":"BridgeOfWords","description":"","publisher":{"@id":"https:\/\/bridgeofwords.net\/#organization"},"potentialAction":[{"@type":"SearchAction","target":{"@type":"EntryPoint","urlTemplate":"https:\/\/bridgeofwords.net\/?s={search_term_string}"},"query-input":{"@type":"PropertyValueSpecification","valueRequired":true,"valueName":"search_term_string"}}],"inLanguage":"en-US"},{"@type":"Organization","@id":"https:\/\/bridgeofwords.net\/#organization","name":"BridgeOfWords","url":"https:\/\/bridgeofwords.net\/","logo":{"@type":"ImageObject","inLanguage":"en-US","@id":"https:\/\/bridgeofwords.net\/#\/schema\/logo\/image\/","url":"https:\/\/bridgeofwords.net\/wp-content\/uploads\/2024\/12\/Logo.jpg","contentUrl":"https:\/\/bridgeofwords.net\/wp-content\/uploads\/2024\/12\/Logo.jpg","width":200,"height":200,"caption":"BridgeOfWords"},"image":{"@id":"https:\/\/bridgeofwords.net\/#\/schema\/logo\/image\/"},"sameAs":["https:\/\/fr.linkedin.com\/in\/hassane-el-yamani-70644032"]}]}},"uagb_featured_image_src":{"full":false,"thumbnail":false,"medium":false,"medium_large":false,"large":false,"1536x1536":false,"2048x2048":false},"uagb_author_info":{"display_name":"admin1470","author_link":"https:\/\/bridgeofwords.net\/?author=1"},"uagb_comment_info":0,"uagb_excerpt":"CONTACTEZ NOUS Nous sommes \u00e0 votre \u00e9coute !Si vous avez des questions ou souhaitez en savoir plus sur nos services, [&hellip;]","_links":{"self":[{"href":"https:\/\/bridgeofwords.net\/index.php?rest_route=\/wp\/v2\/pages\/50","targetHints":{"allow":["GET"]}}],"collection":[{"href":"https:\/\/bridgeofwords.net\/index.php?rest_route=\/wp\/v2\/pages"}],"about":[{"href":"https:\/\/bridgeofwords.net\/index.php?rest_route=\/wp\/v2\/types\/page"}],"author":[{"embeddable":true,"href":"https:\/\/bridgeofwords.net\/index.php?rest_route=\/wp\/v2\/users\/1"}],"replies":[{"embeddable":true,"href":"https:\/\/bridgeofwords.net\/index.php?rest_route=%2Fwp%2Fv2%2Fcomments&post=50"}],"version-history":[{"count":12,"href":"https:\/\/bridgeofwords.net\/index.php?rest_route=\/wp\/v2\/pages\/50\/revisions"}],"predecessor-version":[{"id":314,"href":"https:\/\/bridgeofwords.net\/index.php?rest_route=\/wp\/v2\/pages\/50\/revisions\/314"}],"wp:attachment":[{"href":"https:\/\/bridgeofwords.net\/index.php?rest_route=%2Fwp%2Fv2%2Fmedia&parent=50"}],"curies":[{"name":"wp","href":"https:\/\/api.w.org\/{rel}","templated":true}]}}