{"id":234,"date":"2024-12-12T11:09:52","date_gmt":"2024-12-12T10:09:52","guid":{"rendered":"https:\/\/bridgeofwords.net\/?page_id=234"},"modified":"2025-02-02T16:00:54","modified_gmt":"2025-02-02T15:00:54","slug":"references-2","status":"publish","type":"page","link":"https:\/\/bridgeofwords.net\/?page_id=234","title":{"rendered":"R\u00e9f\u00e9rences"},"content":{"rendered":"\n<div style=\"height:250px\" aria-hidden=\"true\" class=\"wp-block-spacer\"><\/div>\n\n\n\n<div class=\"wp-block-uagb-advanced-heading uagb-block-450ec1cc\"><h2 class=\"uagb-heading-text\">R\u00e9f\u00e9rences<\/h2><\/div>\n\n\n\n<div style=\"height:170px\" aria-hidden=\"true\" class=\"wp-block-spacer\"><\/div>\n\n\n\n<p class=\"has-text-align-center\" style=\"font-size:24px\"><strong>J&#8217;ai eu l&#8217;opportunit\u00e9 de collaborer avec des entreprises et organisations de divers secteurs. <br>Voici une s\u00e9lection de r\u00e9f\u00e9rences qui t\u00e9moignent de la qualit\u00e9 et de la confiance accord\u00e9e \u00e0 mes services.<\/strong><\/p>\n\n\n\n<div style=\"height:140px\" aria-hidden=\"true\" class=\"wp-block-spacer\"><\/div>\n\n\n\n<div class=\"wp-block-uagb-buttons uagb-buttons__outer-wrap uagb-btn__default-btn uagb-btn-tablet__default-btn uagb-btn-mobile__default-btn uagb-block-a84ffb3a\"><div class=\"uagb-buttons__wrap uagb-buttons-layout-wrap \">\n<div class=\"wp-block-uagb-buttons-child uagb-buttons__outer-wrap uagb-block-d186aae9 wp-block-button\"><div class=\"uagb-button__wrapper\"><a class=\"uagb-buttons-repeater wp-block-button__link\" aria-label=\"Click Here\" href=\"#references\" rel=\"follow noopener\" target=\"_self\" role=\"button\"><span class=\"uagb-button__icon uagb-button__icon-position-after\"><svg xmlns=\"https:\/\/www.w3.org\/2000\/svg\" viewBox=\"0 0 384 512\" aria-hidden=\"true\" focussable=\"false\"><path d=\"M169.4 278.6C175.6 284.9 183.8 288 192 288s16.38-3.125 22.62-9.375l160-160c12.5-12.5 12.5-32.75 0-45.25s-32.75-12.5-45.25 0L192 210.8L54.63 73.38c-12.5-12.5-32.75-12.5-45.25 0s-12.5 32.75 0 45.25L169.4 278.6zM329.4 265.4L192 402.8L54.63 265.4c-12.5-12.5-32.75-12.5-45.25 0s-12.5 32.75 0 45.25l160 160C175.6 476.9 183.8 480 192 480s16.38-3.125 22.62-9.375l160-160c12.5-12.5 12.5-32.75 0-45.25S341.9 252.9 329.4 265.4z\"><\/path><\/svg><\/span><\/a><\/div><\/div>\n<\/div><\/div>\n\n\n\n<div style=\"height:230px\" aria-hidden=\"true\" id=\"references\" class=\"wp-block-spacer\"><\/div>\n\n\n\n<div class=\"wp-block-uagb-separator uagb-block-59fa5b84\"><div class=\"wp-block-uagb-separator__inner\" style=\"--my-background-image:\"><\/div><\/div>\n\n\n\n<div class=\"wp-block-uagb-container uagb-block-346f8e95 alignfull uagb-is-root-container\"><div class=\"uagb-container-inner-blocks-wrap\">\n<div class=\"wp-block-uagb-container uagb-block-e23db634\">\n<p class=\"has-text-align-center\"><strong>CLEISS <br>L\u2019ARM\u00c9E DU SALUT <br>MICROSOFT<\/strong><\/p>\n<\/div>\n\n\n\n<div class=\"wp-block-uagb-container uagb-block-8e759b7e\">\n<p class=\"has-text-align-center\"><strong>NEXTER <br>ATLAS Gemalto <br>COHEN &amp; STEERS<\/strong><\/p>\n<\/div>\n\n\n\n<div class=\"wp-block-uagb-container uagb-block-295cf73b\">\n<p class=\"has-text-align-center\"><strong>JP MORGAN <br>SWISS <br>RENAULT<\/strong><\/p>\n<\/div>\n\n\n\n<div class=\"wp-block-uagb-container uagb-block-a8c2a899\">\n<p class=\"has-text-align-center\"><strong>PORSCHE <br>PIWIS <br>PORSCHE VXP<\/strong><\/p>\n<\/div>\n\n\n\n<div class=\"wp-block-uagb-container uagb-block-0d6527a2\">\n<p class=\"has-text-align-center\"><strong>NOKIAN <br>CONTINENTAL <br>BKT TIRES<\/strong><\/p>\n<\/div>\n\n\n\n<div class=\"wp-block-uagb-container uagb-block-b7ae2f30\">\n<p class=\"has-text-align-center\"><strong>HONEYWELL <br>UPONOR WEB <br>VERMILION<\/strong><\/p>\n<\/div>\n<\/div><\/div>\n\n\n\n<div class=\"wp-block-uagb-container uagb-block-59a20e36 alignfull uagb-is-root-container\"><div class=\"uagb-container-inner-blocks-wrap\">\n<div class=\"wp-block-uagb-container uagb-block-a4ff7243\">\n<p class=\"has-text-align-center\"><strong>ABCAM <br>3M <br>TESSEOS<\/strong><\/p>\n<\/div>\n\n\n\n<div class=\"wp-block-uagb-container uagb-block-1bbe6b25\">\n<p class=\"has-text-align-center\"><strong>AXA <br>LEXMARK <br>KYOCERA<\/strong><\/p>\n<\/div>\n\n\n\n<div class=\"wp-block-uagb-container uagb-block-102a3589\">\n<p class=\"has-text-align-center\"><strong>FANATICS <br>SWAROVSKI UK TEVA <br>BOSCH EBIKE SYSTEMS<\/strong><\/p>\n<\/div>\n<\/div><\/div>\n\n\n\n<div class=\"wp-block-uagb-separator uagb-block-254f96eb\"><div class=\"wp-block-uagb-separator__inner\" style=\"--my-background-image:\"><\/div><\/div>\n\n\n\n<div style=\"height:230px\" aria-hidden=\"true\" id=\"references\" class=\"wp-block-spacer\"><\/div>\n","protected":false},"excerpt":{"rendered":"<p>R\u00e9f\u00e9rences J&#8217;ai eu l&#8217;opportunit\u00e9 de collaborer avec des entreprises et organisations de divers secteurs. Voici une s\u00e9lection de r\u00e9f\u00e9rences qui [&hellip;]<\/p>\n","protected":false},"author":1,"featured_media":0,"parent":0,"menu_order":0,"comment_status":"closed","ping_status":"closed","template":"","meta":{"_uag_custom_page_level_css":"","site-sidebar-layout":"default","site-content-layout":"","ast-site-content-layout":"","site-content-style":"default","site-sidebar-style":"default","ast-global-header-display":"","ast-banner-title-visibility":"","ast-main-header-display":"","ast-hfb-above-header-display":"","ast-hfb-below-header-display":"","ast-hfb-mobile-header-display":"","site-post-title":"disabled","ast-breadcrumbs-content":"","ast-featured-img":"","footer-sml-layout":"","theme-transparent-header-meta":"","adv-header-id-meta":"","stick-header-meta":"","header-above-stick-meta":"","header-main-stick-meta":"","header-below-stick-meta":"","astra-migrate-meta-layouts":"default","ast-page-background-enabled":"default","ast-page-background-meta":{"desktop":{"background-color":"var(--ast-global-color-4)","background-image":"","background-repeat":"repeat","background-position":"center center","background-size":"auto","background-attachment":"scroll","background-type":"","background-media":"","overlay-type":"","overlay-color":"","overlay-opacity":"","overlay-gradient":""},"tablet":{"background-color":"","background-image":"","background-repeat":"repeat","background-position":"center center","background-size":"auto","background-attachment":"scroll","background-type":"","background-media":"","overlay-type":"","overlay-color":"","overlay-opacity":"","overlay-gradient":""},"mobile":{"background-color":"","background-image":"","background-repeat":"repeat","background-position":"center center","background-size":"auto","background-attachment":"scroll","background-type":"","background-media":"","overlay-type":"","overlay-color":"","overlay-opacity":"","overlay-gradient":""}},"ast-content-background-meta":{"desktop":{"background-color":"var(--ast-global-color-5)","background-image":"","background-repeat":"repeat","background-position":"center center","background-size":"auto","background-attachment":"scroll","background-type":"","background-media":"","overlay-type":"","overlay-color":"","overlay-opacity":"","overlay-gradient":""},"tablet":{"background-color":"var(--ast-global-color-5)","background-image":"","background-repeat":"repeat","background-position":"center center","background-size":"auto","background-attachment":"scroll","background-type":"","background-media":"","overlay-type":"","overlay-color":"","overlay-opacity":"","overlay-gradient":""},"mobile":{"background-color":"var(--ast-global-color-5)","background-image":"","background-repeat":"repeat","background-position":"center center","background-size":"auto","background-attachment":"scroll","background-type":"","background-media":"","overlay-type":"","overlay-color":"","overlay-opacity":"","overlay-gradient":""}},"footnotes":""},"class_list":["post-234","page","type-page","status-publish","hentry"],"yoast_head":"<!-- This site is optimized with the Yoast SEO plugin v24.3 - https:\/\/yoast.com\/wordpress\/plugins\/seo\/ -->\n<title>R\u00e9f\u00e9rences - BridgeOfWords<\/title>\n<meta name=\"robots\" content=\"index, follow, max-snippet:-1, max-image-preview:large, max-video-preview:-1\" \/>\n<link rel=\"canonical\" href=\"https:\/\/bridgeofwords.net\/?page_id=234\" \/>\n<meta property=\"og:locale\" content=\"en_US\" \/>\n<meta property=\"og:type\" content=\"article\" \/>\n<meta property=\"og:title\" content=\"R\u00e9f\u00e9rences - BridgeOfWords\" \/>\n<meta property=\"og:description\" content=\"R\u00e9f\u00e9rences J&#8217;ai eu l&#8217;opportunit\u00e9 de collaborer avec des entreprises et organisations de divers secteurs. Voici une s\u00e9lection de r\u00e9f\u00e9rences qui [&hellip;]\" \/>\n<meta property=\"og:url\" content=\"https:\/\/bridgeofwords.net\/?page_id=234\" \/>\n<meta property=\"og:site_name\" content=\"BridgeOfWords\" \/>\n<meta property=\"article:modified_time\" content=\"2025-02-02T15:00:54+00:00\" \/>\n<meta name=\"twitter:card\" content=\"summary_large_image\" \/>\n<meta name=\"twitter:label1\" content=\"Est. reading time\" \/>\n\t<meta name=\"twitter:data1\" content=\"1 minute\" \/>\n<script type=\"application\/ld+json\" class=\"yoast-schema-graph\">{\"@context\":\"https:\/\/schema.org\",\"@graph\":[{\"@type\":\"WebPage\",\"@id\":\"https:\/\/bridgeofwords.net\/?page_id=234\",\"url\":\"https:\/\/bridgeofwords.net\/?page_id=234\",\"name\":\"R\u00e9f\u00e9rences - BridgeOfWords\",\"isPartOf\":{\"@id\":\"https:\/\/bridgeofwords.net\/#website\"},\"datePublished\":\"2024-12-12T10:09:52+00:00\",\"dateModified\":\"2025-02-02T15:00:54+00:00\",\"breadcrumb\":{\"@id\":\"https:\/\/bridgeofwords.net\/?page_id=234#breadcrumb\"},\"inLanguage\":\"en-US\",\"potentialAction\":[{\"@type\":\"ReadAction\",\"target\":[\"https:\/\/bridgeofwords.net\/?page_id=234\"]}]},{\"@type\":\"BreadcrumbList\",\"@id\":\"https:\/\/bridgeofwords.net\/?page_id=234#breadcrumb\",\"itemListElement\":[{\"@type\":\"ListItem\",\"position\":1,\"name\":\"Home\",\"item\":\"https:\/\/bridgeofwords.net\/\"},{\"@type\":\"ListItem\",\"position\":2,\"name\":\"R\u00e9f\u00e9rences\"}]},{\"@type\":\"WebSite\",\"@id\":\"https:\/\/bridgeofwords.net\/#website\",\"url\":\"https:\/\/bridgeofwords.net\/\",\"name\":\"BridgeOfWords\",\"description\":\"\",\"publisher\":{\"@id\":\"https:\/\/bridgeofwords.net\/#organization\"},\"potentialAction\":[{\"@type\":\"SearchAction\",\"target\":{\"@type\":\"EntryPoint\",\"urlTemplate\":\"https:\/\/bridgeofwords.net\/?s={search_term_string}\"},\"query-input\":{\"@type\":\"PropertyValueSpecification\",\"valueRequired\":true,\"valueName\":\"search_term_string\"}}],\"inLanguage\":\"en-US\"},{\"@type\":\"Organization\",\"@id\":\"https:\/\/bridgeofwords.net\/#organization\",\"name\":\"BridgeOfWords\",\"url\":\"https:\/\/bridgeofwords.net\/\",\"logo\":{\"@type\":\"ImageObject\",\"inLanguage\":\"en-US\",\"@id\":\"https:\/\/bridgeofwords.net\/#\/schema\/logo\/image\/\",\"url\":\"https:\/\/bridgeofwords.net\/wp-content\/uploads\/2024\/12\/Logo.jpg\",\"contentUrl\":\"https:\/\/bridgeofwords.net\/wp-content\/uploads\/2024\/12\/Logo.jpg\",\"width\":200,\"height\":200,\"caption\":\"BridgeOfWords\"},\"image\":{\"@id\":\"https:\/\/bridgeofwords.net\/#\/schema\/logo\/image\/\"},\"sameAs\":[\"https:\/\/fr.linkedin.com\/in\/hassane-el-yamani-70644032\"]}]}<\/script>\n<!-- \/ Yoast SEO plugin. -->","yoast_head_json":{"title":"R\u00e9f\u00e9rences - BridgeOfWords","robots":{"index":"index","follow":"follow","max-snippet":"max-snippet:-1","max-image-preview":"max-image-preview:large","max-video-preview":"max-video-preview:-1"},"canonical":"https:\/\/bridgeofwords.net\/?page_id=234","og_locale":"en_US","og_type":"article","og_title":"R\u00e9f\u00e9rences - BridgeOfWords","og_description":"R\u00e9f\u00e9rences J&#8217;ai eu l&#8217;opportunit\u00e9 de collaborer avec des entreprises et organisations de divers secteurs. Voici une s\u00e9lection de r\u00e9f\u00e9rences qui [&hellip;]","og_url":"https:\/\/bridgeofwords.net\/?page_id=234","og_site_name":"BridgeOfWords","article_modified_time":"2025-02-02T15:00:54+00:00","twitter_card":"summary_large_image","twitter_misc":{"Est. reading time":"1 minute"},"schema":{"@context":"https:\/\/schema.org","@graph":[{"@type":"WebPage","@id":"https:\/\/bridgeofwords.net\/?page_id=234","url":"https:\/\/bridgeofwords.net\/?page_id=234","name":"R\u00e9f\u00e9rences - BridgeOfWords","isPartOf":{"@id":"https:\/\/bridgeofwords.net\/#website"},"datePublished":"2024-12-12T10:09:52+00:00","dateModified":"2025-02-02T15:00:54+00:00","breadcrumb":{"@id":"https:\/\/bridgeofwords.net\/?page_id=234#breadcrumb"},"inLanguage":"en-US","potentialAction":[{"@type":"ReadAction","target":["https:\/\/bridgeofwords.net\/?page_id=234"]}]},{"@type":"BreadcrumbList","@id":"https:\/\/bridgeofwords.net\/?page_id=234#breadcrumb","itemListElement":[{"@type":"ListItem","position":1,"name":"Home","item":"https:\/\/bridgeofwords.net\/"},{"@type":"ListItem","position":2,"name":"R\u00e9f\u00e9rences"}]},{"@type":"WebSite","@id":"https:\/\/bridgeofwords.net\/#website","url":"https:\/\/bridgeofwords.net\/","name":"BridgeOfWords","description":"","publisher":{"@id":"https:\/\/bridgeofwords.net\/#organization"},"potentialAction":[{"@type":"SearchAction","target":{"@type":"EntryPoint","urlTemplate":"https:\/\/bridgeofwords.net\/?s={search_term_string}"},"query-input":{"@type":"PropertyValueSpecification","valueRequired":true,"valueName":"search_term_string"}}],"inLanguage":"en-US"},{"@type":"Organization","@id":"https:\/\/bridgeofwords.net\/#organization","name":"BridgeOfWords","url":"https:\/\/bridgeofwords.net\/","logo":{"@type":"ImageObject","inLanguage":"en-US","@id":"https:\/\/bridgeofwords.net\/#\/schema\/logo\/image\/","url":"https:\/\/bridgeofwords.net\/wp-content\/uploads\/2024\/12\/Logo.jpg","contentUrl":"https:\/\/bridgeofwords.net\/wp-content\/uploads\/2024\/12\/Logo.jpg","width":200,"height":200,"caption":"BridgeOfWords"},"image":{"@id":"https:\/\/bridgeofwords.net\/#\/schema\/logo\/image\/"},"sameAs":["https:\/\/fr.linkedin.com\/in\/hassane-el-yamani-70644032"]}]}},"uagb_featured_image_src":{"full":false,"thumbnail":false,"medium":false,"medium_large":false,"large":false,"1536x1536":false,"2048x2048":false},"uagb_author_info":{"display_name":"admin1470","author_link":"https:\/\/bridgeofwords.net\/?author=1"},"uagb_comment_info":0,"uagb_excerpt":"R\u00e9f\u00e9rences J&#8217;ai eu l&#8217;opportunit\u00e9 de collaborer avec des entreprises et organisations de divers secteurs. Voici une s\u00e9lection de r\u00e9f\u00e9rences qui [&hellip;]","_links":{"self":[{"href":"https:\/\/bridgeofwords.net\/index.php?rest_route=\/wp\/v2\/pages\/234","targetHints":{"allow":["GET"]}}],"collection":[{"href":"https:\/\/bridgeofwords.net\/index.php?rest_route=\/wp\/v2\/pages"}],"about":[{"href":"https:\/\/bridgeofwords.net\/index.php?rest_route=\/wp\/v2\/types\/page"}],"author":[{"embeddable":true,"href":"https:\/\/bridgeofwords.net\/index.php?rest_route=\/wp\/v2\/users\/1"}],"replies":[{"embeddable":true,"href":"https:\/\/bridgeofwords.net\/index.php?rest_route=%2Fwp%2Fv2%2Fcomments&post=234"}],"version-history":[{"count":15,"href":"https:\/\/bridgeofwords.net\/index.php?rest_route=\/wp\/v2\/pages\/234\/revisions"}],"predecessor-version":[{"id":345,"href":"https:\/\/bridgeofwords.net\/index.php?rest_route=\/wp\/v2\/pages\/234\/revisions\/345"}],"wp:attachment":[{"href":"https:\/\/bridgeofwords.net\/index.php?rest_route=%2Fwp%2Fv2%2Fmedia&parent=234"}],"curies":[{"name":"wp","href":"https:\/\/api.w.org\/{rel}","templated":true}]}}